{"id":1186,"date":"2022-01-14T10:17:09","date_gmt":"2022-01-14T09:17:09","guid":{"rendered":"https:\/\/www.transfervallee.eu\/agence-2\/"},"modified":"2022-01-27T15:32:13","modified_gmt":"2022-01-27T14:32:13","slug":"flotte","status":"publish","type":"page","link":"https:\/\/www.transfervallee.eu\/fr\/flotte\/","title":{"rendered":"Flotte"},"content":{"rendered":"<p>[et_pb_section fb_built=&#8221;1&#8243; disabled_on=&#8221;off|off|off&#8221; module_id=&#8221;transfer&#8221; _builder_version=&#8221;4.6.6&#8243; _module_preset=&#8221;default&#8221; use_background_color_gradient=&#8221;on&#8221; background_color_gradient_start=&#8221;rgba(34,34,34,0.7)&#8221; background_color_gradient_end=&#8221;rgba(41,196,169,0)&#8221; background_color_gradient_overlays_image=&#8221;on&#8221; background_image=&#8221;https:\/\/www.transfervallee.eu\/wp-content\/uploads\/2020\/10\/transfervallee-auto-1.jpg&#8221; custom_padding=&#8221;400px||0px||false|&#8221;][\/et_pb_section][et_pb_section fb_built=&#8221;1&#8243; _builder_version=&#8221;4.5.7&#8243; _module_preset=&#8221;default&#8221; custom_padding=&#8221;100px||100px||true|&#8221;][et_pb_row column_structure=&#8221;2_5,3_5&#8243; use_custom_gutter=&#8221;on&#8221; make_equal=&#8221;on&#8221; _builder_version=&#8221;4.5.7&#8243; _module_preset=&#8221;default&#8221; custom_padding=&#8221;0px||0px||true|&#8221;][et_pb_column type=&#8221;2_5&#8243; _builder_version=&#8221;4.5.7&#8243; _module_preset=&#8221;default&#8221; background_color=&#8221;#f1f1f1&#8243; custom_padding=&#8221;50px|35px|50px|35px|true|true&#8221;][et_pb_image src=&#8221;https:\/\/www.transfervallee.eu\/wp-content\/uploads\/2020\/08\/logo-bn.png&#8221; title_text=&#8221;logo-bn&#8221; _builder_version=&#8221;4.5.7&#8243; _module_preset=&#8221;default&#8221; max_width=&#8221;250px&#8221; module_alignment=&#8221;center&#8221; custom_margin=&#8221;||50px||false|false&#8221;][\/et_pb_image][et_pb_text _builder_version=&#8221;4.5.7&#8243; _module_preset=&#8221;default&#8221; custom_margin=&#8221;||35px|||&#8221;]<\/p>\n<h1 style=\"text-align: center;\">L&#8217;agence<\/h1>\n<p>[\/et_pb_text][et_pb_blurb title=&#8221;Contacts&#8221; use_icon=&#8221;on&#8221; font_icon=&#8221;%%102%%&#8221; use_icon_font_size=&#8221;on&#8221; icon_font_size=&#8221;25px&#8221; _builder_version=&#8221;4.5.7&#8243; _module_preset=&#8221;default&#8221; header_text_align=&#8221;center&#8221; custom_padding=&#8221;35px||||false|false&#8221; animation_style=&#8221;slide&#8221; animation_direction=&#8221;bottom&#8221; border_width_top=&#8221;1px&#8221; border_color_top=&#8221;#aaaaaa&#8221; border_color_bottom=&#8221;#aaaaaa&#8221;]<\/p>\n<p style=\"text-align: center;\">+39 0125 96 65 46<br \/>\n<a href=\"mailto:info@transfervallee.eu\">info@transfervallee.eu<\/a><\/p>\n<p>[\/et_pb_blurb][\/et_pb_column][et_pb_column type=&#8221;3_5&#8243; _builder_version=&#8221;4.5.7&#8243; _module_preset=&#8221;default&#8221;][et_pb_text _builder_version=&#8221;4.5.7&#8243; _module_preset=&#8221;default&#8221; custom_margin=&#8221;||40px|||&#8221;]<\/p>\n<h2>nos moyens<\/h2>\n<p>[\/et_pb_text][et_pb_text _builder_version=&#8221;4.5.7&#8243; _module_preset=&#8221;default&#8221; custom_margin=&#8221;||40px|||&#8221;]Voitures confortables, minibus et autocars modernes, tous tr\u00e8s r\u00e9cents, \u00e9galement \u00e9quip\u00e9s d&#8217;\u00e9quipements pour le transport des personnes handicap\u00e9es.<\/p>\n<p>Consultez la section FLOTTE du Groupe VITA pour une liste compl\u00e8te des v\u00e9hicules et leurs caract\u00e9ristiques.[\/et_pb_text][et_pb_button button_text=&#8221;Flotta &#8211; VITA SPA&#8221; _builder_version=&#8221;4.6.6&#8243; _module_preset=&#8221;default&#8221; button_url=&#8221;https:\/\/www.vitagroup.it\/fr\/la-flotte\/&#8221; url_new_window=&#8221;on&#8221; hover_enabled=&#8221;0&#8243; sticky_enabled=&#8221;0&#8243; custom_margin=&#8221;||50px|||&#8221;][\/et_pb_button][et_pb_gallery gallery_ids=&#8221;1092,1080,1094&#8243; fullwidth=&#8221;on&#8221; dbdb_version=&#8221;3.6.4&#8243; _builder_version=&#8221;4.6.6&#8243; _module_preset=&#8221;default&#8221;][\/et_pb_gallery][\/et_pb_column][\/et_pb_row][\/et_pb_section][et_pb_section fb_built=&#8221;1&#8243; admin_label=&#8221;CTA&#8221; _builder_version=&#8221;4.5.7&#8243; background_image=&#8221;https:\/\/www.transfervallee.eu\/wp-content\/uploads\/2020\/08\/travel-landscape-13.png&#8221; parallax=&#8221;on&#8221; custom_margin=&#8221;|||&#8221; custom_padding=&#8221;0px||0px|||&#8221; global_module=&#8221;481&#8243; saved_tabs=&#8221;all&#8221; locked=&#8221;off&#8221;][et_pb_row use_custom_gutter=&#8221;on&#8221; gutter_width=&#8221;1&#8243; custom_padding_last_edited=&#8221;on|tablet&#8221; module_class=&#8221; et_pb_row_fullwidth&#8221; _builder_version=&#8221;4.5.7&#8243; background_size=&#8221;initial&#8221; background_position=&#8221;top_left&#8221; background_repeat=&#8221;repeat&#8221; width=&#8221;50%&#8221; width_tablet=&#8221;100%&#8221; width_phone=&#8221;&#8221; width_last_edited=&#8221;on|desktop&#8221; max_width=&#8221;100%&#8221; max_width_tablet=&#8221;100%&#8221; max_width_phone=&#8221;&#8221; max_width_last_edited=&#8221;on|desktop&#8221; custom_padding=&#8221;220px|0px|0px|0px||&#8221; custom_padding_tablet=&#8221;120px||||false|false&#8221; custom_padding_phone=&#8221;&#8221; make_fullwidth=&#8221;on&#8221;][et_pb_column type=&#8221;4_4&#8243; _builder_version=&#8221;3.25&#8243; custom_padding=&#8221;|||&#8221; custom_padding__hover=&#8221;|||&#8221;][et_pb_text _builder_version=&#8221;4.6.6&#8243; _module_preset=&#8221;default&#8221; custom_margin=&#8221;||35px||false|false&#8221; custom_padding=&#8221;|25px||25px|false|true&#8221;]<\/p>\n<h2 style=\"text-align: center;\">VIENI IN VALLE D&#8217;AOSTA,<br \/>\nun luogo unico e incantevole<strong><br \/>\n<\/strong><\/h2>\n<p>[\/et_pb_text][et_pb_button button_url=&#8221;https:\/\/www.transfervallee.eu\/fr\/agence\/&#8221; button_text=&#8221;transfer vall\u00e9e&#8221; button_alignment=&#8221;center&#8221; _builder_version=&#8221;4.6.6&#8243; _module_preset=&#8221;default&#8221;][\/et_pb_button][et_pb_image src=&#8221;https:\/\/www.transfervallee.eu\/wp-content\/uploads\/2020\/08\/couple2.png&#8221; show_bottom_space=&#8221;off&#8221; align=&#8221;center&#8221; align_tablet=&#8221;center&#8221; align_phone=&#8221;&#8221; align_last_edited=&#8221;on|desktop&#8221; _builder_version=&#8221;3.23&#8243; custom_margin=&#8221;100px|||&#8221; animation_direction=&#8221;left&#8221;][\/et_pb_image][et_pb_blurb use_icon=&#8221;on&#8221; font_icon=&#8221;%%86%%&#8221; use_icon_font_size=&#8221;on&#8221; icon_font_size=&#8221;45px&#8221; disabled_on=&#8221;on|on|on&#8221; _builder_version=&#8221;4.6.6&#8243; _module_preset=&#8221;default&#8221; header_level=&#8221;h3&#8243; header_text_align=&#8221;center&#8221; header_text_color=&#8221;#ffffff&#8221; body_text_align=&#8221;center&#8221; body_text_color=&#8221;#ffffff&#8221; background_color=&#8221;rgba(65,107,36,0.8)&#8221; positioning=&#8221;fixed&#8221; position_origin_f=&#8221;bottom_right&#8221; max_width=&#8221;180px&#8221; custom_padding=&#8221;25px|25px|25px|25px|true|true&#8221; animation_style=&#8221;slide&#8221; animation_direction=&#8221;right&#8221; link_option_url=&#8221;https:\/\/www.transfervallee.eu\/fr\/agence\/&#8221; border_radii=&#8221;off|30px|||&#8221; disabled=&#8221;on&#8221; background__hover_enabled=&#8221;on|desktop&#8221; background_color__hover=&#8221;#333333&#8243; background_enable_color__hover=&#8221;on&#8221;][\/et_pb_blurb][\/et_pb_column][\/et_pb_row][\/et_pb_section]<\/p>\n","protected":false},"excerpt":{"rendered":"<p>[et_pb_section fb_built=&#8221;1&#8243; disabled_on=&#8221;off|off|off&#8221; module_id=&#8221;transfer&#8221; _builder_version=&#8221;4.6.6&#8243; _module_preset=&#8221;default&#8221; use_background_color_gradient=&#8221;on&#8221; background_color_gradient_start=&#8221;rgba(34,34,34,0.7)&#8221; background_color_gradient_end=&#8221;rgba(41,196,169,0)&#8221; background_color_gradient_overlays_image=&#8221;on&#8221; background_image=&#8221;https:\/\/www.transfervallee.eu\/wp-content\/uploads\/2020\/10\/transfervallee-auto-1.jpg&#8221; custom_padding=&#8221;400px||0px||false|&#8221;][\/et_pb_section][et_pb_section fb_built=&#8221;1&#8243; _builder_version=&#8221;4.5.7&#8243; _module_preset=&#8221;default&#8221; custom_padding=&#8221;100px||100px||true|&#8221;][et_pb_row column_structure=&#8221;2_5,3_5&#8243; use_custom_gutter=&#8221;on&#8221; make_equal=&#8221;on&#8221; _builder_version=&#8221;4.5.7&#8243; _module_preset=&#8221;default&#8221; custom_padding=&#8221;0px||0px||true|&#8221;][et_pb_column type=&#8221;2_5&#8243; _builder_version=&#8221;4.5.7&#8243; _module_preset=&#8221;default&#8221; background_color=&#8221;#f1f1f1&#8243; custom_padding=&#8221;50px|35px|50px|35px|true|true&#8221;][et_pb_image src=&#8221;https:\/\/www.transfervallee.eu\/wp-content\/uploads\/2020\/08\/logo-bn.png&#8221; title_text=&#8221;logo-bn&#8221; _builder_version=&#8221;4.5.7&#8243; _module_preset=&#8221;default&#8221; max_width=&#8221;250px&#8221; module_alignment=&#8221;center&#8221; custom_margin=&#8221;||50px||false|false&#8221;][\/et_pb_image][et_pb_text _builder_version=&#8221;4.5.7&#8243; _module_preset=&#8221;default&#8221; custom_margin=&#8221;||35px|||&#8221;] L&#8217;agence [\/et_pb_text][et_pb_blurb title=&#8221;Contacts&#8221; use_icon=&#8221;on&#8221; font_icon=&#8221;%%102%%&#8221; use_icon_font_size=&#8221;on&#8221; icon_font_size=&#8221;25px&#8221; _builder_version=&#8221;4.5.7&#8243; _module_preset=&#8221;default&#8221; header_text_align=&#8221;center&#8221; custom_padding=&#8221;35px||||false|false&#8221; animation_style=&#8221;slide&#8221; animation_direction=&#8221;bottom&#8221; border_width_top=&#8221;1px&#8221; border_color_top=&#8221;#aaaaaa&#8221; border_color_bottom=&#8221;#aaaaaa&#8221;] +39 0125 [&hellip;]<\/p>\n","protected":false},"author":1,"featured_media":0,"parent":0,"menu_order":0,"comment_status":"closed","ping_status":"closed","template":"","meta":{"_et_pb_use_builder":"on","_et_pb_old_content":"","_et_gb_content_width":""},"yoast_head":"<!-- This site is optimized with the Yoast SEO plugin v17.3 - https:\/\/yoast.com\/wordpress\/plugins\/seo\/ -->\n<title>Flotte - Transfer Vall\u00e9e<\/title>\n<meta name=\"robots\" content=\"index, follow, max-snippet:-1, max-image-preview:large, max-video-preview:-1\" \/>\n<link rel=\"canonical\" href=\"https:\/\/www.transfervallee.eu\/fr\/flotte\/\" \/>\n<meta property=\"og:locale\" content=\"fr_FR\" \/>\n<meta property=\"og:type\" content=\"article\" \/>\n<meta property=\"og:title\" content=\"Flotte - Transfer Vall\u00e9e\" \/>\n<meta property=\"og:description\" content=\"[et_pb_section fb_built=&#8221;1&#8243; disabled_on=&#8221;off|off|off&#8221; module_id=&#8221;transfer&#8221; _builder_version=&#8221;4.6.6&#8243; _module_preset=&#8221;default&#8221; use_background_color_gradient=&#8221;on&#8221; background_color_gradient_start=&#8221;rgba(34,34,34,0.7)&#8221; background_color_gradient_end=&#8221;rgba(41,196,169,0)&#8221; background_color_gradient_overlays_image=&#8221;on&#8221; background_image=&#8221;https:\/\/www.transfervallee.eu\/wp-content\/uploads\/2020\/10\/transfervallee-auto-1.jpg&#8221; custom_padding=&#8221;400px||0px||false|&#8221;][\/et_pb_section][et_pb_section fb_built=&#8221;1&#8243; _builder_version=&#8221;4.5.7&#8243; _module_preset=&#8221;default&#8221; custom_padding=&#8221;100px||100px||true|&#8221;][et_pb_row column_structure=&#8221;2_5,3_5&#8243; use_custom_gutter=&#8221;on&#8221; make_equal=&#8221;on&#8221; _builder_version=&#8221;4.5.7&#8243; _module_preset=&#8221;default&#8221; custom_padding=&#8221;0px||0px||true|&#8221;][et_pb_column type=&#8221;2_5&#8243; _builder_version=&#8221;4.5.7&#8243; _module_preset=&#8221;default&#8221; background_color=&#8221;#f1f1f1&#8243; custom_padding=&#8221;50px|35px|50px|35px|true|true&#8221;][et_pb_image src=&#8221;https:\/\/www.transfervallee.eu\/wp-content\/uploads\/2020\/08\/logo-bn.png&#8221; title_text=&#8221;logo-bn&#8221; _builder_version=&#8221;4.5.7&#8243; _module_preset=&#8221;default&#8221; max_width=&#8221;250px&#8221; module_alignment=&#8221;center&#8221; custom_margin=&#8221;||50px||false|false&#8221;][\/et_pb_image][et_pb_text _builder_version=&#8221;4.5.7&#8243; _module_preset=&#8221;default&#8221; custom_margin=&#8221;||35px|||&#8221;] L&#8217;agence [\/et_pb_text][et_pb_blurb title=&#8221;Contacts&#8221; use_icon=&#8221;on&#8221; font_icon=&#8221;&#8221; use_icon_font_size=&#8221;on&#8221; icon_font_size=&#8221;25px&#8221; _builder_version=&#8221;4.5.7&#8243; _module_preset=&#8221;default&#8221; header_text_align=&#8221;center&#8221; custom_padding=&#8221;35px||||false|false&#8221; animation_style=&#8221;slide&#8221; animation_direction=&#8221;bottom&#8221; border_width_top=&#8221;1px&#8221; border_color_top=&#8221;#aaaaaa&#8221; border_color_bottom=&#8221;#aaaaaa&#8221;] +39 0125 [&hellip;]\" \/>\n<meta property=\"og:url\" content=\"https:\/\/www.transfervallee.eu\/fr\/flotte\/\" \/>\n<meta property=\"og:site_name\" content=\"Transfer Vall\u00e9e\" \/>\n<meta property=\"article:modified_time\" content=\"2022-01-27T14:32:13+00:00\" \/>\n<meta name=\"twitter:card\" content=\"summary_large_image\" \/>\n<meta name=\"twitter:label1\" content=\"Dur\u00e9e de lecture estim\u00e9e\" \/>\n\t<meta name=\"twitter:data1\" content=\"3 minutes\" \/>\n<script type=\"application\/ld+json\" class=\"yoast-schema-graph\">{\"@context\":\"https:\/\/schema.org\",\"@graph\":[{\"@type\":\"WebSite\",\"@id\":\"https:\/\/www.transfervallee.eu\/#website\",\"url\":\"https:\/\/www.transfervallee.eu\/\",\"name\":\"Transfer Vall\\u00e9e\",\"description\":\"Sito web\",\"potentialAction\":[{\"@type\":\"SearchAction\",\"target\":{\"@type\":\"EntryPoint\",\"urlTemplate\":\"https:\/\/www.transfervallee.eu\/?s={search_term_string}\"},\"query-input\":\"required name=search_term_string\"}],\"inLanguage\":\"fr-FR\"},{\"@type\":\"WebPage\",\"@id\":\"https:\/\/www.transfervallee.eu\/fr\/flotte\/#webpage\",\"url\":\"https:\/\/www.transfervallee.eu\/fr\/flotte\/\",\"name\":\"Flotte - Transfer Vall\\u00e9e\",\"isPartOf\":{\"@id\":\"https:\/\/www.transfervallee.eu\/#website\"},\"datePublished\":\"2022-01-14T09:17:09+00:00\",\"dateModified\":\"2022-01-27T14:32:13+00:00\",\"breadcrumb\":{\"@id\":\"https:\/\/www.transfervallee.eu\/fr\/flotte\/#breadcrumb\"},\"inLanguage\":\"fr-FR\",\"potentialAction\":[{\"@type\":\"ReadAction\",\"target\":[\"https:\/\/www.transfervallee.eu\/fr\/flotte\/\"]}]},{\"@type\":\"BreadcrumbList\",\"@id\":\"https:\/\/www.transfervallee.eu\/fr\/flotte\/#breadcrumb\",\"itemListElement\":[{\"@type\":\"ListItem\",\"position\":1,\"name\":\"Home\",\"item\":\"https:\/\/www.transfervallee.eu\/fr\/\"},{\"@type\":\"ListItem\",\"position\":2,\"name\":\"Flotte\"}]}]}<\/script>\n<!-- \/ Yoast SEO plugin. -->","yoast_head_json":{"title":"Flotte - Transfer Vall\u00e9e","robots":{"index":"index","follow":"follow","max-snippet":"max-snippet:-1","max-image-preview":"max-image-preview:large","max-video-preview":"max-video-preview:-1"},"canonical":"https:\/\/www.transfervallee.eu\/fr\/flotte\/","og_locale":"fr_FR","og_type":"article","og_title":"Flotte - Transfer Vall\u00e9e","og_description":"[et_pb_section fb_built=&#8221;1&#8243; disabled_on=&#8221;off|off|off&#8221; module_id=&#8221;transfer&#8221; _builder_version=&#8221;4.6.6&#8243; _module_preset=&#8221;default&#8221; use_background_color_gradient=&#8221;on&#8221; background_color_gradient_start=&#8221;rgba(34,34,34,0.7)&#8221; background_color_gradient_end=&#8221;rgba(41,196,169,0)&#8221; background_color_gradient_overlays_image=&#8221;on&#8221; background_image=&#8221;https:\/\/www.transfervallee.eu\/wp-content\/uploads\/2020\/10\/transfervallee-auto-1.jpg&#8221; custom_padding=&#8221;400px||0px||false|&#8221;][\/et_pb_section][et_pb_section fb_built=&#8221;1&#8243; _builder_version=&#8221;4.5.7&#8243; _module_preset=&#8221;default&#8221; custom_padding=&#8221;100px||100px||true|&#8221;][et_pb_row column_structure=&#8221;2_5,3_5&#8243; use_custom_gutter=&#8221;on&#8221; make_equal=&#8221;on&#8221; _builder_version=&#8221;4.5.7&#8243; _module_preset=&#8221;default&#8221; custom_padding=&#8221;0px||0px||true|&#8221;][et_pb_column type=&#8221;2_5&#8243; _builder_version=&#8221;4.5.7&#8243; _module_preset=&#8221;default&#8221; background_color=&#8221;#f1f1f1&#8243; custom_padding=&#8221;50px|35px|50px|35px|true|true&#8221;][et_pb_image src=&#8221;https:\/\/www.transfervallee.eu\/wp-content\/uploads\/2020\/08\/logo-bn.png&#8221; title_text=&#8221;logo-bn&#8221; _builder_version=&#8221;4.5.7&#8243; _module_preset=&#8221;default&#8221; max_width=&#8221;250px&#8221; module_alignment=&#8221;center&#8221; custom_margin=&#8221;||50px||false|false&#8221;][\/et_pb_image][et_pb_text _builder_version=&#8221;4.5.7&#8243; _module_preset=&#8221;default&#8221; custom_margin=&#8221;||35px|||&#8221;] L&#8217;agence [\/et_pb_text][et_pb_blurb title=&#8221;Contacts&#8221; use_icon=&#8221;on&#8221; font_icon=&#8221;&#8221; use_icon_font_size=&#8221;on&#8221; icon_font_size=&#8221;25px&#8221; _builder_version=&#8221;4.5.7&#8243; _module_preset=&#8221;default&#8221; header_text_align=&#8221;center&#8221; custom_padding=&#8221;35px||||false|false&#8221; animation_style=&#8221;slide&#8221; animation_direction=&#8221;bottom&#8221; border_width_top=&#8221;1px&#8221; border_color_top=&#8221;#aaaaaa&#8221; border_color_bottom=&#8221;#aaaaaa&#8221;] +39 0125 [&hellip;]","og_url":"https:\/\/www.transfervallee.eu\/fr\/flotte\/","og_site_name":"Transfer Vall\u00e9e","article_modified_time":"2022-01-27T14:32:13+00:00","twitter_card":"summary_large_image","twitter_misc":{"Dur\u00e9e de lecture estim\u00e9e":"3 minutes"},"schema":{"@context":"https:\/\/schema.org","@graph":[{"@type":"WebSite","@id":"https:\/\/www.transfervallee.eu\/#website","url":"https:\/\/www.transfervallee.eu\/","name":"Transfer Vall\u00e9e","description":"Sito web","potentialAction":[{"@type":"SearchAction","target":{"@type":"EntryPoint","urlTemplate":"https:\/\/www.transfervallee.eu\/?s={search_term_string}"},"query-input":"required name=search_term_string"}],"inLanguage":"fr-FR"},{"@type":"WebPage","@id":"https:\/\/www.transfervallee.eu\/fr\/flotte\/#webpage","url":"https:\/\/www.transfervallee.eu\/fr\/flotte\/","name":"Flotte - Transfer Vall\u00e9e","isPartOf":{"@id":"https:\/\/www.transfervallee.eu\/#website"},"datePublished":"2022-01-14T09:17:09+00:00","dateModified":"2022-01-27T14:32:13+00:00","breadcrumb":{"@id":"https:\/\/www.transfervallee.eu\/fr\/flotte\/#breadcrumb"},"inLanguage":"fr-FR","potentialAction":[{"@type":"ReadAction","target":["https:\/\/www.transfervallee.eu\/fr\/flotte\/"]}]},{"@type":"BreadcrumbList","@id":"https:\/\/www.transfervallee.eu\/fr\/flotte\/#breadcrumb","itemListElement":[{"@type":"ListItem","position":1,"name":"Home","item":"https:\/\/www.transfervallee.eu\/fr\/"},{"@type":"ListItem","position":2,"name":"Flotte"}]}]}},"_links":{"self":[{"href":"https:\/\/www.transfervallee.eu\/fr\/wp-json\/wp\/v2\/pages\/1186"}],"collection":[{"href":"https:\/\/www.transfervallee.eu\/fr\/wp-json\/wp\/v2\/pages"}],"about":[{"href":"https:\/\/www.transfervallee.eu\/fr\/wp-json\/wp\/v2\/types\/page"}],"author":[{"embeddable":true,"href":"https:\/\/www.transfervallee.eu\/fr\/wp-json\/wp\/v2\/users\/1"}],"replies":[{"embeddable":true,"href":"https:\/\/www.transfervallee.eu\/fr\/wp-json\/wp\/v2\/comments?post=1186"}],"version-history":[{"count":7,"href":"https:\/\/www.transfervallee.eu\/fr\/wp-json\/wp\/v2\/pages\/1186\/revisions"}],"predecessor-version":[{"id":1247,"href":"https:\/\/www.transfervallee.eu\/fr\/wp-json\/wp\/v2\/pages\/1186\/revisions\/1247"}],"wp:attachment":[{"href":"https:\/\/www.transfervallee.eu\/fr\/wp-json\/wp\/v2\/media?parent=1186"}],"curies":[{"name":"wp","href":"https:\/\/api.w.org\/{rel}","templated":true}]}}