{"id":1173,"date":"2022-01-14T09:57:42","date_gmt":"2022-01-14T08:57:42","guid":{"rendered":"https:\/\/www.transfervallee.eu\/services\/"},"modified":"2022-01-14T09:57:43","modified_gmt":"2022-01-14T08:57:43","slug":"services","status":"publish","type":"page","link":"https:\/\/www.transfervallee.eu\/fr\/services\/","title":{"rendered":"Services"},"content":{"rendered":"<p>[et_pb_section fb_built=&#8221;1&#8243; disabled_on=&#8221;off|off|off&#8221; module_id=&#8221;transfer&#8221; _builder_version=&#8221;4.5.7&#8243; _module_preset=&#8221;default&#8221; use_background_color_gradient=&#8221;on&#8221; background_color_gradient_start=&#8221;rgba(34,34,34,0.7)&#8221; background_color_gradient_end=&#8221;rgba(41,196,169,0)&#8221; background_color_gradient_overlays_image=&#8221;on&#8221; background_image=&#8221;https:\/\/www.transfervallee.eu\/wp-content\/uploads\/2020\/10\/transfer-2.jpg&#8221; custom_padding=&#8221;400px||0px||false|&#8221;][\/et_pb_section][et_pb_section fb_built=&#8221;1&#8243; _builder_version=&#8221;4.5.7&#8243; _module_preset=&#8221;default&#8221; custom_padding=&#8221;100px||100px||true|&#8221;][et_pb_row column_structure=&#8221;2_5,3_5&#8243; use_custom_gutter=&#8221;on&#8221; make_equal=&#8221;on&#8221; _builder_version=&#8221;4.5.7&#8243; _module_preset=&#8221;default&#8221; custom_padding=&#8221;0px||0px||true|&#8221;][et_pb_column type=&#8221;2_5&#8243; _builder_version=&#8221;4.5.7&#8243; _module_preset=&#8221;default&#8221; background_color=&#8221;#f1f1f1&#8243; custom_padding=&#8221;50px|35px|50px|35px|true|true&#8221;][et_pb_image src=&#8221;https:\/\/www.transfervallee.eu\/wp-content\/uploads\/2020\/08\/logo-bn.png&#8221; title_text=&#8221;logo-bn&#8221; _builder_version=&#8221;4.5.7&#8243; _module_preset=&#8221;default&#8221; max_width=&#8221;250px&#8221; module_alignment=&#8221;center&#8221; custom_margin=&#8221;||50px||false|false&#8221;][\/et_pb_image][et_pb_text _builder_version=&#8221;4.5.7&#8243; _module_preset=&#8221;default&#8221; custom_margin=&#8221;||35px|||&#8221;]<\/p>\n<h1 style=\"text-align: center;\">NOS SERVICES<\/h1>\n<p>[\/et_pb_text][et_pb_blurb title=&#8221;Contacts&#8221; use_icon=&#8221;on&#8221; font_icon=&#8221;%%102%%&#8221; use_icon_font_size=&#8221;on&#8221; icon_font_size=&#8221;25px&#8221; _builder_version=&#8221;4.5.7&#8243; _module_preset=&#8221;default&#8221; header_text_align=&#8221;center&#8221; custom_padding=&#8221;35px||||false|false&#8221; animation_style=&#8221;slide&#8221; animation_direction=&#8221;bottom&#8221; border_width_top=&#8221;1px&#8221; border_color_top=&#8221;#aaaaaa&#8221; border_color_bottom=&#8221;#aaaaaa&#8221;]<\/p>\n<p style=\"text-align: center;\">+39 0125 96 65 46<br \/>\n<a href=\"mailto:info@transfervallee.eu\">info@transfervallee.eu<\/a><\/p>\n<p>[\/et_pb_blurb][\/et_pb_column][et_pb_column type=&#8221;3_5&#8243; _builder_version=&#8221;4.5.7&#8243; _module_preset=&#8221;default&#8221;][et_pb_text _builder_version=&#8221;4.5.7&#8243; _module_preset=&#8221;default&#8221; custom_margin=&#8221;||40px|||&#8221;]<\/p>\n<h2>LES SERVICES PROPOSES<\/h2>\n<p>[\/et_pb_text][et_pb_text _builder_version=&#8221;4.5.7&#8243; _module_preset=&#8221;default&#8221; custom_margin=&#8221;||40px|||&#8221;]<em>Le transport de personnes constitue le core business (l\u2019activit\u00e9 principale) de la V.I.T.A. S.p.a.<\/em><\/p>\n<p>V.I.T.A. S.p.a. est en mesure de vous offrir une vaste gamme de services que vous pouvez r\u00e9server directement \u00e0 partir de ce m\u00eame site.<\/p>\n<p>Nous vous transportons directement depuis l\u2019a\u00e9roport ou la gare vers votre h\u00f4tel et vice versa. Nous organisons les transports locaux suivant vos propres exigences\u00a0: touristiques, culturelles, sportives, gastronomiques\u2026<br \/>\nVoyagez low cost gr\u00e2ce \u00e0 notre service Shuttle, avec nos minicars et autocars nous vous proposons des solutions pour groupes organis\u00e9s.<\/p>\n<p>Nous vous garantissons notre assistance 24 heures sur 24, 365 jours par an.[\/et_pb_text][et_pb_text _builder_version=&#8221;4.5.7&#8243; _module_preset=&#8221;default&#8221; custom_margin=&#8221;||10px||false|false&#8221;]<\/p>\n<h2>SERVICE DE TAXI<\/h2>\n<p>[\/et_pb_text][et_pb_text _builder_version=&#8221;4.5.7&#8243; _module_preset=&#8221;default&#8221; custom_margin=&#8221;||40px|||&#8221;]<em>Service de transport confortable et r\u00e9serv\u00e9<\/em><\/p>\n<p>Ce service de transport est exclusivement r\u00e9serv\u00e9 \u00e0 celui qui l\u2019a achet\u00e9, pour lui-m\u00eame ou pour le groupe auquel il appartient. Le personnel de TransferVallee vous attendra \u00e0 l\u2019heure convenue, vous transportera directement vers la ou les destinations demand\u00e9es, vous aidera \u00e0 charger et d\u00e9charger vos bagages. Le v\u00e9hicule est adapt\u00e9 aux exigences indiqu\u00e9es en phase de r\u00e9servation et est dot\u00e9 de tous les services en option demand\u00e9s. Nous disposons aussi de v\u00e9hicules \u00e9quip\u00e9s pour les personnes handicap\u00e9es.[\/et_pb_text][et_pb_text _builder_version=&#8221;4.5.7&#8243; _module_preset=&#8221;default&#8221; custom_margin=&#8221;||10px||false|false&#8221;]<\/p>\n<h2>SERVIZIO de minicar<\/h2>\n<p>[\/et_pb_text][et_pb_text _builder_version=&#8221;4.5.7&#8243; _module_preset=&#8221;default&#8221; custom_margin=&#8221;||40px|||&#8221;]<em>De petits v\u00e9hicules pour un service confortable.<\/em><\/p>\n<p>Ce service est destin\u00e9 aux groupes organis\u00e9s de 9 \u00e0 28 personnes, exclusivement r\u00e9serv\u00e9 \u00e0 celui qui en a effectu\u00e9 la r\u00e9servation pour le compte du groupe auquel il appartient. Notre personnel attendra le groupe \u00e0 l\u2019heure convenue, le transportera directement \u00e0 la destination demand\u00e9e et vous aidera \u00e0 charger et d\u00e9charger vos bagages.<\/p>\n<p>Le v\u00e9hicule est adapt\u00e9 aux exigences indiqu\u00e9es en phase de r\u00e9servation et est dot\u00e9 de tous les services en option demand\u00e9s. Nous disposons \u00e9galement d\u2019\u00e9quipements pour le transport de personnes handicap\u00e9es.[\/et_pb_text][et_pb_text _builder_version=&#8221;4.5.7&#8243; _module_preset=&#8221;default&#8221; custom_margin=&#8221;||10px||false|false&#8221;]<\/p>\n<h2>SERVIZIO d\u2019autocar<\/h2>\n<p>[\/et_pb_text][et_pb_text _builder_version=&#8221;4.5.7&#8243; _module_preset=&#8221;default&#8221; custom_margin=&#8221;||40px|||&#8221;]Ce service est indiqu\u00e9 pour les groupes organis\u00e9s, \u00e0 partir de 20 jusqu\u2019\u00e0 91 personnes, r\u00e9serv\u00e9 \u00e0 celui qui en a effectu\u00e9 la r\u00e9servation pour le compte du groupe auquel il appartient.<\/p>\n<p>Notre personnel attendra le groupe \u00e0 l\u2019heure convenue, le transportera directement \u00e0 la destination demand\u00e9e et vous aidera \u00e0 charger et d\u00e9charger vos bagages. Le v\u00e9hicule est adapt\u00e9 aux exigences indiqu\u00e9es en phase de r\u00e9servation et est dot\u00e9 de tous les services en option demand\u00e9s.<\/p>\n<p>Nous sommes en mesure de transporter des personnes handicap\u00e9es gr\u00e2ce \u00e0 nos autocars express\u00e9ment \u00e9quip\u00e9s, pouvant accueillir jusqu\u2019\u00e0 13 fauteuils roulants et\/ou 10 brancards et\/ou 13 fauteuils simples.<\/p>\n<p>Pour examiner nos v\u00e9hicules, consultez la section <strong><a href=\"http:\/\/www.vitagroup.it\/bus-flotta\" target=\"_blank\" rel=\"noopener noreferrer\">FLOTTA\u00a0\u00a0<\/a><\/strong>de <strong><a href=\"http:\/\/www.vitagroup.it\/\" target=\"_blank\" rel=\"noopener noreferrer\">V.I.T.A. S.p.A<\/a><\/strong>[\/et_pb_text][et_pb_text _builder_version=&#8221;4.5.7&#8243; _module_preset=&#8221;default&#8221; custom_margin=&#8221;||10px||false|false&#8221;]<\/p>\n<h2>Service shuttle de l\u2019a\u00e9roport de Turin Caselle vers la Vall\u00e9e d\u2019Aoste<\/h2>\n<p>[\/et_pb_text][et_pb_text _builder_version=&#8221;4.5.7&#8243; _module_preset=&#8221;default&#8221; custom_margin=&#8221;||40px|||&#8221;]\u00ab\u00a0Nous vous emmenons en Vall\u00e9e d\u2019Aoste\u00a0\u00bb est un service de transport partag\u00e9, \u00e0 bas prix et \u00e0 horaires fixes, r\u00e9alis\u00e9 en collaboration avec la R\u00e9gion autonome Vall\u00e9e d\u2019Aoste, disponible en hiver, le samedi et le dimanche. Il permet de relier l\u2019a\u00e9roport de Turin Caselle avec toutes les localit\u00e9s touristiques de la Vall\u00e9e d\u2019Aoste.<\/p>\n<p>Voyage seulement aller ou retour \u00e0 25,00 \u20ac en direction des localit\u00e9s du fond de la vall\u00e9e centrale (Pont-Saint-Martin, Verr\u00e8s, Ch\u00e2tillon, Aoste). L\u2019option \u00ab\u00a0Nous vous emmenons jusqu\u2019\u00e0 votre h\u00f4tel\u00a0\u00bb vous permet d\u2019arriver directement \u00e0 destination, jusqu\u2019\u00e0 votre complexe h\u00f4telier, en versant la seule somme suppl\u00e9mentaire de 80,00 \u20ac pour un maximum de 5 personnes comprises dans la m\u00eame r\u00e9servation.<\/p>\n<p>Vous pouvez effectuer votre r\u00e9servation jusqu\u2019\u00e0 72 heures avant l\u2019horaire demand\u00e9 pour le transfert.[\/et_pb_text][et_pb_button button_url=&#8221;https:\/\/www.transfervallee.eu\/wp-content\/uploads\/2020\/10\/aosta-caselle.pdf&#8221; url_new_window=&#8221;on&#8221; button_text=&#8221;D\u2019Aoste \u00e0 Caselle et vice-versa&#8221; _builder_version=&#8221;4.6.6&#8243; _module_preset=&#8221;default&#8221;][\/et_pb_button][et_pb_button button_url=&#8221;https:\/\/www.transfervallee.eu\/wp-content\/uploads\/2020\/10\/promotion-shuttle.pdf&#8221; url_new_window=&#8221;on&#8221; button_text=&#8221;Transfert low-cost Turin\/Aoste&#8221; _builder_version=&#8221;4.6.6&#8243; _module_preset=&#8221;default&#8221; hover_enabled=&#8221;0&#8243; sticky_enabled=&#8221;0&#8243;][\/et_pb_button][et_pb_text _builder_version=&#8221;4.5.7&#8243; _module_preset=&#8221;default&#8221; custom_margin=&#8221;||10px||false|false&#8221;]<\/p>\n<h2>location sans chauffeur<\/h2>\n<p>[\/et_pb_text][et_pb_text _builder_version=&#8221;4.5.7&#8243; _module_preset=&#8221;default&#8221; custom_margin=&#8221;||40px|||&#8221;]<em>La solution pour ceux qui pr\u00e9f\u00e8rent voyager de mani\u00e8re autonome<\/em><\/p>\n<p>Pour la location sans chauffeur, V.I.T.A. S.p.a. met \u00e0 votre disposition des v\u00e9hicules \u00e0 9 places.<\/p>\n<p>Conditions de location\u00a0:<\/p>\n<ul>\n<li>la disponibilit\u00e9 du v\u00e9hicule est garantie au moment de la confirmation de la r\u00e9servation.<\/li>\n<li>le v\u00e9hicule dispose d\u2019une assurance kasko<\/li>\n<li>le v\u00e9hicule est \u00e9quip\u00e9 suivant le Code de la route (art. 6, paragraphe 4, lettre e), et peut \u00eatre conduit avec le permis B\n<\/li>\n<li>lire attentivement les conditions g\u00e9n\u00e9rales du contrat de LOCATION DE VEHICULE SANS CHAUFFEUR dans le pdf en annexe<\/li>\n<\/ul>\n<p>Demander un devis gratuit et contacter notre personnel pour de plus amples renseignements.[\/et_pb_text][\/et_pb_column][\/et_pb_row][\/et_pb_section][et_pb_section fb_built=&#8221;1&#8243; admin_label=&#8221;CTA&#8221; _builder_version=&#8221;4.5.7&#8243; background_image=&#8221;https:\/\/www.transfervallee.eu\/wp-content\/uploads\/2020\/08\/travel-landscape-13.png&#8221; parallax=&#8221;on&#8221; custom_margin=&#8221;|||&#8221; custom_padding=&#8221;0px||0px|||&#8221; global_module=&#8221;481&#8243; saved_tabs=&#8221;all&#8221; locked=&#8221;off&#8221;][et_pb_row use_custom_gutter=&#8221;on&#8221; gutter_width=&#8221;1&#8243; custom_padding_last_edited=&#8221;on|tablet&#8221; module_class=&#8221; et_pb_row_fullwidth&#8221; _builder_version=&#8221;4.5.7&#8243; background_size=&#8221;initial&#8221; background_position=&#8221;top_left&#8221; background_repeat=&#8221;repeat&#8221; width=&#8221;50%&#8221; width_tablet=&#8221;100%&#8221; width_phone=&#8221;&#8221; width_last_edited=&#8221;on|desktop&#8221; max_width=&#8221;100%&#8221; max_width_tablet=&#8221;100%&#8221; max_width_phone=&#8221;&#8221; max_width_last_edited=&#8221;on|desktop&#8221; custom_padding=&#8221;220px|0px|0px|0px||&#8221; custom_padding_tablet=&#8221;120px||||false|false&#8221; custom_padding_phone=&#8221;&#8221; make_fullwidth=&#8221;on&#8221;][et_pb_column type=&#8221;4_4&#8243; _builder_version=&#8221;3.25&#8243; custom_padding=&#8221;|||&#8221; custom_padding__hover=&#8221;|||&#8221;][et_pb_text _builder_version=&#8221;4.5.7&#8243; _module_preset=&#8221;default&#8221; custom_margin=&#8221;||35px||false|false&#8221; custom_padding=&#8221;|25px||25px|false|true&#8221;]<\/p>\n<h2 style=\"text-align: center;\">VIENI IN VALLE D&#8217;AOSTA,<br \/>\nun luogo unico e incantevole<strong><br \/>\n<\/strong><\/h2>\n<p>[\/et_pb_text][et_pb_button button_url=&#8221;https:\/\/www.transfervallee.eu\/fr\/agence\/&#8221; button_text=&#8221;transfer vall\u00e9e&#8221; button_alignment=&#8221;center&#8221; _builder_version=&#8221;4.5.7&#8243; _module_preset=&#8221;default&#8221;][\/et_pb_button][et_pb_image src=&#8221;https:\/\/www.transfervallee.eu\/wp-content\/uploads\/2020\/08\/couple2.png&#8221; show_bottom_space=&#8221;off&#8221; align=&#8221;center&#8221; align_tablet=&#8221;center&#8221; align_phone=&#8221;&#8221; align_last_edited=&#8221;on|desktop&#8221; _builder_version=&#8221;3.23&#8243; custom_margin=&#8221;100px|||&#8221; animation_direction=&#8221;left&#8221;][\/et_pb_image][et_pb_blurb use_icon=&#8221;on&#8221; font_icon=&#8221;%%86%%&#8221; use_icon_font_size=&#8221;on&#8221; icon_font_size=&#8221;45px&#8221; disabled_on=&#8221;off|off|off&#8221; _builder_version=&#8221;4.5.7&#8243; _module_preset=&#8221;default&#8221; header_level=&#8221;h3&#8243; header_text_align=&#8221;center&#8221; header_text_color=&#8221;#ffffff&#8221; body_text_align=&#8221;center&#8221; body_text_color=&#8221;#ffffff&#8221; background_color=&#8221;rgba(65,107,36,0.8)&#8221; positioning=&#8221;fixed&#8221; position_origin_f=&#8221;bottom_right&#8221; max_width=&#8221;180px&#8221; custom_padding=&#8221;25px|25px|25px|25px|true|true&#8221; animation_style=&#8221;slide&#8221; animation_direction=&#8221;right&#8221; link_option_url=&#8221;#&#8221; border_radii=&#8221;off|30px|||&#8221; background__hover_enabled=&#8221;on|desktop&#8221; background_color__hover=&#8221;#333333&#8243; background_enable_color__hover=&#8221;on&#8221;][\/et_pb_blurb][\/et_pb_column][\/et_pb_row][\/et_pb_section]<\/p>\n","protected":false},"excerpt":{"rendered":"<p>[et_pb_section fb_built=&#8221;1&#8243; disabled_on=&#8221;off|off|off&#8221; module_id=&#8221;transfer&#8221; _builder_version=&#8221;4.5.7&#8243; _module_preset=&#8221;default&#8221; use_background_color_gradient=&#8221;on&#8221; background_color_gradient_start=&#8221;rgba(34,34,34,0.7)&#8221; background_color_gradient_end=&#8221;rgba(41,196,169,0)&#8221; background_color_gradient_overlays_image=&#8221;on&#8221; background_image=&#8221;https:\/\/www.transfervallee.eu\/wp-content\/uploads\/2020\/10\/transfer-2.jpg&#8221; custom_padding=&#8221;400px||0px||false|&#8221;][\/et_pb_section][et_pb_section fb_built=&#8221;1&#8243; _builder_version=&#8221;4.5.7&#8243; _module_preset=&#8221;default&#8221; custom_padding=&#8221;100px||100px||true|&#8221;][et_pb_row column_structure=&#8221;2_5,3_5&#8243; use_custom_gutter=&#8221;on&#8221; make_equal=&#8221;on&#8221; _builder_version=&#8221;4.5.7&#8243; _module_preset=&#8221;default&#8221; custom_padding=&#8221;0px||0px||true|&#8221;][et_pb_column type=&#8221;2_5&#8243; _builder_version=&#8221;4.5.7&#8243; _module_preset=&#8221;default&#8221; background_color=&#8221;#f1f1f1&#8243; custom_padding=&#8221;50px|35px|50px|35px|true|true&#8221;][et_pb_image src=&#8221;https:\/\/www.transfervallee.eu\/wp-content\/uploads\/2020\/08\/logo-bn.png&#8221; title_text=&#8221;logo-bn&#8221; _builder_version=&#8221;4.5.7&#8243; _module_preset=&#8221;default&#8221; max_width=&#8221;250px&#8221; module_alignment=&#8221;center&#8221; custom_margin=&#8221;||50px||false|false&#8221;][\/et_pb_image][et_pb_text _builder_version=&#8221;4.5.7&#8243; _module_preset=&#8221;default&#8221; custom_margin=&#8221;||35px|||&#8221;] NOS SERVICES [\/et_pb_text][et_pb_blurb title=&#8221;Contacts&#8221; use_icon=&#8221;on&#8221; font_icon=&#8221;%%102%%&#8221; use_icon_font_size=&#8221;on&#8221; icon_font_size=&#8221;25px&#8221; _builder_version=&#8221;4.5.7&#8243; _module_preset=&#8221;default&#8221; header_text_align=&#8221;center&#8221; custom_padding=&#8221;35px||||false|false&#8221; animation_style=&#8221;slide&#8221; animation_direction=&#8221;bottom&#8221; border_width_top=&#8221;1px&#8221; border_color_top=&#8221;#aaaaaa&#8221; border_color_bottom=&#8221;#aaaaaa&#8221;] +39 [&hellip;]<\/p>\n","protected":false},"author":1,"featured_media":0,"parent":0,"menu_order":0,"comment_status":"closed","ping_status":"closed","template":"","meta":{"_et_pb_use_builder":"on","_et_pb_old_content":"","_et_gb_content_width":""},"yoast_head":"<!-- This site is optimized with the Yoast SEO plugin v17.3 - https:\/\/yoast.com\/wordpress\/plugins\/seo\/ -->\n<title>Services - Transfer Vall\u00e9e<\/title>\n<meta name=\"robots\" content=\"index, follow, max-snippet:-1, max-image-preview:large, max-video-preview:-1\" \/>\n<link rel=\"canonical\" href=\"https:\/\/www.transfervallee.eu\/fr\/services\/\" \/>\n<meta property=\"og:locale\" content=\"fr_FR\" \/>\n<meta property=\"og:type\" content=\"article\" \/>\n<meta property=\"og:title\" content=\"Services - Transfer Vall\u00e9e\" \/>\n<meta property=\"og:description\" content=\"[et_pb_section fb_built=&#8221;1&#8243; disabled_on=&#8221;off|off|off&#8221; module_id=&#8221;transfer&#8221; _builder_version=&#8221;4.5.7&#8243; _module_preset=&#8221;default&#8221; use_background_color_gradient=&#8221;on&#8221; background_color_gradient_start=&#8221;rgba(34,34,34,0.7)&#8221; background_color_gradient_end=&#8221;rgba(41,196,169,0)&#8221; background_color_gradient_overlays_image=&#8221;on&#8221; background_image=&#8221;https:\/\/www.transfervallee.eu\/wp-content\/uploads\/2020\/10\/transfer-2.jpg&#8221; custom_padding=&#8221;400px||0px||false|&#8221;][\/et_pb_section][et_pb_section fb_built=&#8221;1&#8243; _builder_version=&#8221;4.5.7&#8243; _module_preset=&#8221;default&#8221; custom_padding=&#8221;100px||100px||true|&#8221;][et_pb_row column_structure=&#8221;2_5,3_5&#8243; use_custom_gutter=&#8221;on&#8221; make_equal=&#8221;on&#8221; _builder_version=&#8221;4.5.7&#8243; _module_preset=&#8221;default&#8221; custom_padding=&#8221;0px||0px||true|&#8221;][et_pb_column type=&#8221;2_5&#8243; _builder_version=&#8221;4.5.7&#8243; _module_preset=&#8221;default&#8221; background_color=&#8221;#f1f1f1&#8243; custom_padding=&#8221;50px|35px|50px|35px|true|true&#8221;][et_pb_image src=&#8221;https:\/\/www.transfervallee.eu\/wp-content\/uploads\/2020\/08\/logo-bn.png&#8221; title_text=&#8221;logo-bn&#8221; _builder_version=&#8221;4.5.7&#8243; _module_preset=&#8221;default&#8221; max_width=&#8221;250px&#8221; module_alignment=&#8221;center&#8221; custom_margin=&#8221;||50px||false|false&#8221;][\/et_pb_image][et_pb_text _builder_version=&#8221;4.5.7&#8243; _module_preset=&#8221;default&#8221; custom_margin=&#8221;||35px|||&#8221;] NOS SERVICES [\/et_pb_text][et_pb_blurb title=&#8221;Contacts&#8221; use_icon=&#8221;on&#8221; font_icon=&#8221;&#8221; use_icon_font_size=&#8221;on&#8221; icon_font_size=&#8221;25px&#8221; _builder_version=&#8221;4.5.7&#8243; _module_preset=&#8221;default&#8221; header_text_align=&#8221;center&#8221; custom_padding=&#8221;35px||||false|false&#8221; animation_style=&#8221;slide&#8221; animation_direction=&#8221;bottom&#8221; border_width_top=&#8221;1px&#8221; border_color_top=&#8221;#aaaaaa&#8221; border_color_bottom=&#8221;#aaaaaa&#8221;] +39 [&hellip;]\" \/>\n<meta property=\"og:url\" content=\"https:\/\/www.transfervallee.eu\/fr\/services\/\" \/>\n<meta property=\"og:site_name\" content=\"Transfer Vall\u00e9e\" \/>\n<meta property=\"article:modified_time\" content=\"2022-01-14T08:57:43+00:00\" \/>\n<meta name=\"twitter:card\" content=\"summary_large_image\" \/>\n<meta name=\"twitter:label1\" content=\"Dur\u00e9e de lecture estim\u00e9e\" \/>\n\t<meta name=\"twitter:data1\" content=\"8 minutes\" \/>\n<script type=\"application\/ld+json\" class=\"yoast-schema-graph\">{\"@context\":\"https:\/\/schema.org\",\"@graph\":[{\"@type\":\"WebSite\",\"@id\":\"https:\/\/www.transfervallee.eu\/#website\",\"url\":\"https:\/\/www.transfervallee.eu\/\",\"name\":\"Transfer Vall\\u00e9e\",\"description\":\"Sito web\",\"potentialAction\":[{\"@type\":\"SearchAction\",\"target\":{\"@type\":\"EntryPoint\",\"urlTemplate\":\"https:\/\/www.transfervallee.eu\/?s={search_term_string}\"},\"query-input\":\"required name=search_term_string\"}],\"inLanguage\":\"fr-FR\"},{\"@type\":\"WebPage\",\"@id\":\"https:\/\/www.transfervallee.eu\/fr\/services\/#webpage\",\"url\":\"https:\/\/www.transfervallee.eu\/fr\/services\/\",\"name\":\"Services - Transfer Vall\\u00e9e\",\"isPartOf\":{\"@id\":\"https:\/\/www.transfervallee.eu\/#website\"},\"datePublished\":\"2022-01-14T08:57:42+00:00\",\"dateModified\":\"2022-01-14T08:57:43+00:00\",\"breadcrumb\":{\"@id\":\"https:\/\/www.transfervallee.eu\/fr\/services\/#breadcrumb\"},\"inLanguage\":\"fr-FR\",\"potentialAction\":[{\"@type\":\"ReadAction\",\"target\":[\"https:\/\/www.transfervallee.eu\/fr\/services\/\"]}]},{\"@type\":\"BreadcrumbList\",\"@id\":\"https:\/\/www.transfervallee.eu\/fr\/services\/#breadcrumb\",\"itemListElement\":[{\"@type\":\"ListItem\",\"position\":1,\"name\":\"Home\",\"item\":\"https:\/\/www.transfervallee.eu\/fr\/\"},{\"@type\":\"ListItem\",\"position\":2,\"name\":\"Services\"}]}]}<\/script>\n<!-- \/ Yoast SEO plugin. -->","yoast_head_json":{"title":"Services - Transfer Vall\u00e9e","robots":{"index":"index","follow":"follow","max-snippet":"max-snippet:-1","max-image-preview":"max-image-preview:large","max-video-preview":"max-video-preview:-1"},"canonical":"https:\/\/www.transfervallee.eu\/fr\/services\/","og_locale":"fr_FR","og_type":"article","og_title":"Services - Transfer Vall\u00e9e","og_description":"[et_pb_section fb_built=&#8221;1&#8243; disabled_on=&#8221;off|off|off&#8221; module_id=&#8221;transfer&#8221; _builder_version=&#8221;4.5.7&#8243; _module_preset=&#8221;default&#8221; use_background_color_gradient=&#8221;on&#8221; background_color_gradient_start=&#8221;rgba(34,34,34,0.7)&#8221; background_color_gradient_end=&#8221;rgba(41,196,169,0)&#8221; background_color_gradient_overlays_image=&#8221;on&#8221; background_image=&#8221;https:\/\/www.transfervallee.eu\/wp-content\/uploads\/2020\/10\/transfer-2.jpg&#8221; custom_padding=&#8221;400px||0px||false|&#8221;][\/et_pb_section][et_pb_section fb_built=&#8221;1&#8243; _builder_version=&#8221;4.5.7&#8243; _module_preset=&#8221;default&#8221; custom_padding=&#8221;100px||100px||true|&#8221;][et_pb_row column_structure=&#8221;2_5,3_5&#8243; use_custom_gutter=&#8221;on&#8221; make_equal=&#8221;on&#8221; _builder_version=&#8221;4.5.7&#8243; _module_preset=&#8221;default&#8221; custom_padding=&#8221;0px||0px||true|&#8221;][et_pb_column type=&#8221;2_5&#8243; _builder_version=&#8221;4.5.7&#8243; _module_preset=&#8221;default&#8221; background_color=&#8221;#f1f1f1&#8243; custom_padding=&#8221;50px|35px|50px|35px|true|true&#8221;][et_pb_image src=&#8221;https:\/\/www.transfervallee.eu\/wp-content\/uploads\/2020\/08\/logo-bn.png&#8221; title_text=&#8221;logo-bn&#8221; _builder_version=&#8221;4.5.7&#8243; _module_preset=&#8221;default&#8221; max_width=&#8221;250px&#8221; module_alignment=&#8221;center&#8221; custom_margin=&#8221;||50px||false|false&#8221;][\/et_pb_image][et_pb_text _builder_version=&#8221;4.5.7&#8243; _module_preset=&#8221;default&#8221; custom_margin=&#8221;||35px|||&#8221;] NOS SERVICES [\/et_pb_text][et_pb_blurb title=&#8221;Contacts&#8221; use_icon=&#8221;on&#8221; font_icon=&#8221;&#8221; use_icon_font_size=&#8221;on&#8221; icon_font_size=&#8221;25px&#8221; _builder_version=&#8221;4.5.7&#8243; _module_preset=&#8221;default&#8221; header_text_align=&#8221;center&#8221; custom_padding=&#8221;35px||||false|false&#8221; animation_style=&#8221;slide&#8221; animation_direction=&#8221;bottom&#8221; border_width_top=&#8221;1px&#8221; border_color_top=&#8221;#aaaaaa&#8221; border_color_bottom=&#8221;#aaaaaa&#8221;] +39 [&hellip;]","og_url":"https:\/\/www.transfervallee.eu\/fr\/services\/","og_site_name":"Transfer Vall\u00e9e","article_modified_time":"2022-01-14T08:57:43+00:00","twitter_card":"summary_large_image","twitter_misc":{"Dur\u00e9e de lecture estim\u00e9e":"8 minutes"},"schema":{"@context":"https:\/\/schema.org","@graph":[{"@type":"WebSite","@id":"https:\/\/www.transfervallee.eu\/#website","url":"https:\/\/www.transfervallee.eu\/","name":"Transfer Vall\u00e9e","description":"Sito web","potentialAction":[{"@type":"SearchAction","target":{"@type":"EntryPoint","urlTemplate":"https:\/\/www.transfervallee.eu\/?s={search_term_string}"},"query-input":"required name=search_term_string"}],"inLanguage":"fr-FR"},{"@type":"WebPage","@id":"https:\/\/www.transfervallee.eu\/fr\/services\/#webpage","url":"https:\/\/www.transfervallee.eu\/fr\/services\/","name":"Services - Transfer Vall\u00e9e","isPartOf":{"@id":"https:\/\/www.transfervallee.eu\/#website"},"datePublished":"2022-01-14T08:57:42+00:00","dateModified":"2022-01-14T08:57:43+00:00","breadcrumb":{"@id":"https:\/\/www.transfervallee.eu\/fr\/services\/#breadcrumb"},"inLanguage":"fr-FR","potentialAction":[{"@type":"ReadAction","target":["https:\/\/www.transfervallee.eu\/fr\/services\/"]}]},{"@type":"BreadcrumbList","@id":"https:\/\/www.transfervallee.eu\/fr\/services\/#breadcrumb","itemListElement":[{"@type":"ListItem","position":1,"name":"Home","item":"https:\/\/www.transfervallee.eu\/fr\/"},{"@type":"ListItem","position":2,"name":"Services"}]}]}},"_links":{"self":[{"href":"https:\/\/www.transfervallee.eu\/fr\/wp-json\/wp\/v2\/pages\/1173"}],"collection":[{"href":"https:\/\/www.transfervallee.eu\/fr\/wp-json\/wp\/v2\/pages"}],"about":[{"href":"https:\/\/www.transfervallee.eu\/fr\/wp-json\/wp\/v2\/types\/page"}],"author":[{"embeddable":true,"href":"https:\/\/www.transfervallee.eu\/fr\/wp-json\/wp\/v2\/users\/1"}],"replies":[{"embeddable":true,"href":"https:\/\/www.transfervallee.eu\/fr\/wp-json\/wp\/v2\/comments?post=1173"}],"version-history":[{"count":2,"href":"https:\/\/www.transfervallee.eu\/fr\/wp-json\/wp\/v2\/pages\/1173\/revisions"}],"predecessor-version":[{"id":1175,"href":"https:\/\/www.transfervallee.eu\/fr\/wp-json\/wp\/v2\/pages\/1173\/revisions\/1175"}],"wp:attachment":[{"href":"https:\/\/www.transfervallee.eu\/fr\/wp-json\/wp\/v2\/media?parent=1173"}],"curies":[{"name":"wp","href":"https:\/\/api.w.org\/{rel}","templated":true}]}}